{"id":6483,"date":"2024-05-29T08:50:47","date_gmt":"2024-05-29T07:50:47","guid":{"rendered":"https:\/\/staging.tonellism.com\/umweltkennzeichnung-von-verpackungen\/"},"modified":"2024-06-24T13:45:24","modified_gmt":"2024-06-24T12:45:24","slug":"umweltkennzeichnung-von-verpackungen","status":"publish","type":"page","link":"https:\/\/www.tonellism.com\/de\/umweltkennzeichnung-von-verpackungen\/","title":{"rendered":"UMWELTKENNZEICHNUNG DER VERPACKUNGEN"},"content":{"rendered":"\t\t<div data-elementor-type=\"wp-page\" data-elementor-id=\"6483\" class=\"elementor elementor-6483 elementor-3089\" data-elementor-post-type=\"page\">\n\t\t\t\t<div class=\"elementor-element elementor-element-d971fc7 e-flex e-con-boxed e-con e-parent\" data-id=\"d971fc7\" data-element_type=\"container\" data-settings=\"{&quot;background_background&quot;:&quot;classic&quot;}\">\n\t\t\t\t\t<div class=\"e-con-inner\">\n\t\t<div class=\"elementor-element elementor-element-584e453 e-flex e-con-boxed e-con e-child\" data-id=\"584e453\" data-element_type=\"container\" data-settings=\"{&quot;background_background&quot;:&quot;classic&quot;}\">\n\t\t\t\t\t<div class=\"e-con-inner\">\n\t\t\t\t<div class=\"elementor-element elementor-element-5fea53b elementor-widget elementor-widget-image\" data-id=\"5fea53b\" data-element_type=\"widget\" data-widget_type=\"image.default\">\n\t\t\t\t<div class=\"elementor-widget-container\">\n\t\t\t<style>\/*! elementor - v3.21.0 - 08-05-2024 *\/\n.elementor-widget-image{text-align:center}.elementor-widget-image a{display:inline-block}.elementor-widget-image a img[src$=\".svg\"]{width:48px}.elementor-widget-image img{vertical-align:middle;display:inline-block}<\/style>\t\t\t\t\t\t\t\t\t\t<img decoding=\"async\" width=\"44\" height=\"44\" src=\"https:\/\/www.tonellism.com\/wp-content\/uploads\/2024\/05\/leaf-green.png\" class=\"attachment-large size-large wp-image-4148\" alt=\"\" \/>\t\t\t\t\t\t\t\t\t\t\t\t\t<\/div>\n\t\t\t\t<\/div>\n\t\t\t\t<div class=\"elementor-element elementor-element-f7c535e elementor-widget elementor-widget-heading\" data-id=\"f7c535e\" data-element_type=\"widget\" data-widget_type=\"heading.default\">\n\t\t\t\t<div class=\"elementor-widget-container\">\n\t\t\t<style>\/*! elementor - v3.21.0 - 08-05-2024 *\/\n.elementor-heading-title{padding:0;margin:0;line-height:1}.elementor-widget-heading .elementor-heading-title[class*=elementor-size-]>a{color:inherit;font-size:inherit;line-height:inherit}.elementor-widget-heading .elementor-heading-title.elementor-size-small{font-size:15px}.elementor-widget-heading .elementor-heading-title.elementor-size-medium{font-size:19px}.elementor-widget-heading .elementor-heading-title.elementor-size-large{font-size:29px}.elementor-widget-heading .elementor-heading-title.elementor-size-xl{font-size:39px}.elementor-widget-heading .elementor-heading-title.elementor-size-xxl{font-size:59px}<\/style><p class=\"elementor-heading-title elementor-size-default\">VERPACKUNGSETIKETTIERUNG\n\n<\/p>\t\t<\/div>\n\t\t\t\t<\/div>\n\t\t\t\t<div class=\"elementor-element elementor-element-42d043d elementor-widget__width-initial elementor-widget-tablet__width-inherit elementor-widget elementor-widget-text-editor\" data-id=\"42d043d\" data-element_type=\"widget\" data-widget_type=\"text-editor.default\">\n\t\t\t\t<div class=\"elementor-widget-container\">\n\t\t\t<style>\/*! elementor - v3.21.0 - 08-05-2024 *\/\n.elementor-widget-text-editor.elementor-drop-cap-view-stacked .elementor-drop-cap{background-color:#69727d;color:#fff}.elementor-widget-text-editor.elementor-drop-cap-view-framed .elementor-drop-cap{color:#69727d;border:3px solid;background-color:transparent}.elementor-widget-text-editor:not(.elementor-drop-cap-view-default) .elementor-drop-cap{margin-top:8px}.elementor-widget-text-editor:not(.elementor-drop-cap-view-default) .elementor-drop-cap-letter{width:1em;height:1em}.elementor-widget-text-editor .elementor-drop-cap{float:left;text-align:center;line-height:1;font-size:50px}.elementor-widget-text-editor .elementor-drop-cap-letter{display:inline-block}<\/style>\t\t\t\tDie Tonelli-Gruppe folgt den aktuellen Vorschriften zur Umweltkennzeichnung von Verpackungen.\n\n\t\t\t\t\t\t<\/div>\n\t\t\t\t<\/div>\n\t\t\t\t\t<\/div>\n\t\t\t\t<\/div>\n\t\t\t\t\t<\/div>\n\t\t\t\t<\/div>\n\t\t<div class=\"elementor-element elementor-element-03144af e-flex e-con-boxed e-con e-parent\" data-id=\"03144af\" data-element_type=\"container\">\n\t\t\t\t\t<div class=\"e-con-inner\">\n\t\t<div class=\"elementor-element elementor-element-9c7f50f e-con-full e-flex e-con e-child\" data-id=\"9c7f50f\" data-element_type=\"container\">\n\t\t\t\t<div class=\"elementor-element elementor-element-dce1be8 green elementor-widget__width-initial elementor-widget-tablet__width-inherit elementor-widget-mobile__width-inherit elementor-widget elementor-widget-heading\" data-id=\"dce1be8\" data-element_type=\"widget\" data-widget_type=\"heading.default\">\n\t\t\t\t<div class=\"elementor-widget-container\">\n\t\t\t<h3 class=\"elementor-heading-title elementor-size-default\">Vorschriften und Richtlinien <u>zur Umweltkennzeichnung von Verpackungen <\/u><\/h3>\t\t<\/div>\n\t\t\t\t<\/div>\n\t\t\t\t<div class=\"elementor-element elementor-element-390326f elementor-widget elementor-widget-text-editor\" data-id=\"390326f\" data-element_type=\"widget\" data-widget_type=\"text-editor.default\">\n\t\t\t\t<div class=\"elementor-widget-container\">\n\t\t\t\t\t\t\t<p>Verpackungen Die Vorschriften sind: das Gesetzesdekret vom 3. September 2020 Nr. 116, das die EU-Richtlinie 2018\/851 \u00fcber Abf\u00e4lle umsetzt, und die Richtlinie (EU) 2018\/852 \u00fcber Verpackungen und Verpackungsabf\u00e4lle.<br \/>Es wird vorgeschrieben, dass auf allen Prim\u00e4r-, Sekund\u00e4r- und Terti\u00e4rverpackungen die Hersteller zur Identifizierung und Klassifizierung der Verpackung die Art der verwendeten Verpackungsmaterialien angeben m\u00fcssen, basierend auf der Entscheidung 97\/129\/EG der Kommission.<br \/>Am 21. November 2022 wurde das Ministerialdekret Nr. 60 vom 28. September 2022 ver\u00f6ffentlicht, das die Richtlinien zur Umweltkennzeichnung von Verpackungen durch die verantwortlichen Akteure \u00fcbernimmt.<br \/>Zur Vereinfachung werden die Verpackungen in homogene Kategorien zusammengefasst und entweder durch ein Bild oder eine allgemeine Beschreibung (z. B. Paletten, B\u00e4nder, Folien) beschrieben sowie mit der entsprechenden Materialkodierung (gem\u00e4\u00df der Entscheidung 97\/129\/EG) versehen.<\/p>\n\t\t\t\t\t\t<\/div>\n\t\t\t\t<\/div>\n\t\t\t\t<\/div>\n\t\t<div class=\"elementor-element elementor-element-d48a496 e-con-full e-flex e-con e-child\" data-id=\"d48a496\" data-element_type=\"container\">\n\t\t\t\t<div class=\"elementor-element elementor-element-54a01bb elementor-widget elementor-widget-image\" data-id=\"54a01bb\" data-element_type=\"widget\" data-widget_type=\"image.default\">\n\t\t\t\t<div class=\"elementor-widget-container\">\n\t\t\t\t\t\t\t\t\t\t\t\t\t<img fetchpriority=\"high\" decoding=\"async\" width=\"1000\" height=\"573\" src=\"https:\/\/www.tonellism.com\/wp-content\/uploads\/2024\/05\/tonelli-cutomer-2.jpg\" class=\"attachment-full size-full wp-image-4793\" alt=\"\" srcset=\"https:\/\/www.tonellism.com\/wp-content\/uploads\/2024\/05\/tonelli-cutomer-2.jpg 1000w, https:\/\/www.tonellism.com\/wp-content\/uploads\/2024\/05\/tonelli-cutomer-2-300x172.jpg 300w, https:\/\/www.tonellism.com\/wp-content\/uploads\/2024\/05\/tonelli-cutomer-2-768x440.jpg 768w\" sizes=\"(max-width: 1000px) 100vw, 1000px\" \/>\t\t\t\t\t\t\t\t\t\t\t\t\t<\/div>\n\t\t\t\t<\/div>\n\t\t\t\t<\/div>\n\t\t\t\t\t<\/div>\n\t\t\t\t<\/div>\n\t\t<div class=\"elementor-element elementor-element-085142f e-flex e-con-boxed e-con e-parent\" data-id=\"085142f\" data-element_type=\"container\" data-settings=\"{&quot;background_background&quot;:&quot;classic&quot;}\">\n\t\t\t\t\t<div class=\"e-con-inner\">\n\t\t<div class=\"elementor-element elementor-element-4ac1641 e-flex e-con-boxed e-con e-child\" data-id=\"4ac1641\" data-element_type=\"container\" data-settings=\"{&quot;background_background&quot;:&quot;classic&quot;}\">\n\t\t\t\t\t<div class=\"e-con-inner\">\n\t\t\t\t<div class=\"elementor-element elementor-element-8a36e08 elementor-widget elementor-widget-heading\" data-id=\"8a36e08\" data-element_type=\"widget\" data-widget_type=\"heading.default\">\n\t\t\t\t<div class=\"elementor-widget-container\">\n\t\t\t<p class=\"elementor-heading-title elementor-size-default\">VERPACKUNGSETIKETTIERUNG\n\n<\/p>\t\t<\/div>\n\t\t\t\t<\/div>\n\t\t\t\t<div class=\"elementor-element elementor-element-1e81dc2 elementor-widget__width-initial elementor-widget-tablet__width-inherit elementor-widget elementor-widget-text-editor\" data-id=\"1e81dc2\" data-element_type=\"widget\" data-widget_type=\"text-editor.default\">\n\t\t\t\t<div class=\"elementor-widget-container\">\n\t\t\t\t\t\t\t<p>Wenn Sie Informationen oder Unterst\u00fctzung ben\u00f6tigen, wenden Sie sich bitte an Ihren Ansprechpartner im Vertrieb; F\u00fcr weitere Informationen oder bei Bedarf an Unterst\u00fctzung wenden Sie sich bitte an Ihren Ansprechpartner im Vertrieb. Auf dieser Seite stellen wir den Leitfaden zu den von den Unternehmen der Tonelli-Gruppe verwendeten Verpackungen mit den entsprechenden Codes f\u00fcr die ordnungsgem\u00e4\u00dfe Entsorgung zur Verf\u00fcgung.<\/p>\n\t\t\t\t\t\t<\/div>\n\t\t\t\t<\/div>\n\t\t\t\t<div class=\"elementor-element elementor-element-d920a44 elementor-widget elementor-widget-button\" data-id=\"d920a44\" data-element_type=\"widget\" data-widget_type=\"button.default\">\n\t\t\t\t<div class=\"elementor-widget-container\">\n\t\t\t\t\t<div class=\"elementor-button-wrapper\">\n\t\t\t<a class=\"elementor-button elementor-button-link elementor-size-sm\" href=\"\/wp-content\/uploads\/2023\/02\/Etichettatura_ambientale_imballaggi_v1.4.pdf\" target=\"_blank\">\n\t\t\t\t\t\t<span class=\"elementor-button-content-wrapper\">\n\t\t\t\t\t\t<span class=\"elementor-button-icon elementor-align-icon-right\">\n\t\t\t\t<svg xmlns=\"http:\/\/www.w3.org\/2000\/svg\" width=\"24\" height=\"24\" viewBox=\"0 0 24 24\" fill=\"none\"><path d=\"M21 15V19C21 19.5304 20.7893 20.0391 20.4142 20.4142C20.0391 20.7893 19.5304 21 19 21H5C4.46957 21 3.96086 20.7893 3.58579 20.4142C3.21071 20.0391 3 19.5304 3 19V15\" stroke=\"white\" stroke-width=\"2\" stroke-linecap=\"round\" stroke-linejoin=\"round\"><\/path><path d=\"M7 10L12 15L17 10\" stroke=\"white\" stroke-width=\"2\" stroke-linecap=\"round\" stroke-linejoin=\"round\"><\/path><path d=\"M12 15V3\" stroke=\"white\" stroke-width=\"2\" stroke-linecap=\"round\" stroke-linejoin=\"round\"><\/path><\/svg>\t\t\t<\/span>\n\t\t\t\t\t\t\t\t\t<span class=\"elementor-button-text\">Download Umweltkennzeichnung f\u00fcr Verpackungen<\/span>\n\t\t\t\t\t<\/span>\n\t\t\t\t\t<\/a>\n\t\t<\/div>\n\t\t\t\t<\/div>\n\t\t\t\t<\/div>\n\t\t\t\t\t<\/div>\n\t\t\t\t<\/div>\n\t\t\t\t\t<\/div>\n\t\t\t\t<\/div>\n\t\t\t\t<\/div>\n\t\t","protected":false},"excerpt":{"rendered":"<p>VERPACKUNGSETIKETTIERUNG Die Tonelli-Gruppe folgt den aktuellen Vorschriften zur Umweltkennzeichnung von Verpackungen. Vorschriften und Richtlinien zur Umweltkennzeichnung von Verpackungen Verpackungen Die Vorschriften sind: das Gesetzesdekret vom 3. September 2020 Nr. 116, das die EU-Richtlinie 2018\/851 \u00fcber Abf\u00e4lle umsetzt, und die Richtlinie (EU) 2018\/852 \u00fcber Verpackungen und Verpackungsabf\u00e4lle.Es wird vorgeschrieben, dass auf allen Prim\u00e4r-, Sekund\u00e4r- und Terti\u00e4rverpackungen [&hellip;]<\/p>\n","protected":false},"author":5,"featured_media":3211,"parent":0,"menu_order":0,"comment_status":"closed","ping_status":"closed","template":"","meta":{"footnotes":""},"yoast_head":"<!-- This site is optimized with the Yoast SEO plugin v23.1 - https:\/\/yoast.com\/wordpress\/plugins\/seo\/ -->\n<title>Umweltkennzeichnung von Verpackungen - Tonelli SpA<\/title>\n<meta name=\"description\" content=\"Auf dieser Seite k\u00f6nnen Sie die Umweltkennzeichnung der Verpackungen der Unternehmen der Tonelli S.p.a. Gruppe herunterladen.\" \/>\n<meta name=\"robots\" content=\"index, follow, max-snippet:-1, max-image-preview:large, max-video-preview:-1\" \/>\n<link rel=\"canonical\" href=\"https:\/\/www.tonellism.com\/de\/umweltkennzeichnung-von-verpackungen\/\" \/>\n<meta property=\"og:locale\" content=\"de_DE\" \/>\n<meta property=\"og:type\" content=\"article\" \/>\n<meta property=\"og:title\" content=\"Umweltkennzeichnung von Verpackungen - Tonelli SpA\" \/>\n<meta property=\"og:description\" content=\"Auf dieser Seite k\u00f6nnen Sie die Umweltkennzeichnung der Verpackungen der Unternehmen der Tonelli S.p.a. Gruppe herunterladen.\" \/>\n<meta property=\"og:url\" content=\"https:\/\/www.tonellism.com\/de\/umweltkennzeichnung-von-verpackungen\/\" \/>\n<meta property=\"og:site_name\" content=\"Tonelli Spa\" \/>\n<meta property=\"article:modified_time\" content=\"2024-06-24T12:45:24+00:00\" \/>\n<meta property=\"og:image\" content=\"http:\/\/tonellism.com\/wp-content\/uploads\/2018\/02\/tonelli-cutomer-2.jpg\" \/>\n<meta name=\"twitter:card\" content=\"summary_large_image\" \/>\n<meta name=\"twitter:label1\" content=\"Gesch\u00e4tzte Lesezeit\" \/>\n\t<meta name=\"twitter:data1\" content=\"2\u00a0Minuten\" \/>\n<script type=\"application\/ld+json\" class=\"yoast-schema-graph\">{\"@context\":\"https:\/\/schema.org\",\"@graph\":[{\"@type\":\"WebPage\",\"@id\":\"https:\/\/www.tonellism.com\/de\/umweltkennzeichnung-von-verpackungen\/\",\"url\":\"https:\/\/www.tonellism.com\/de\/umweltkennzeichnung-von-verpackungen\/\",\"name\":\"Umweltkennzeichnung von Verpackungen - Tonelli SpA\",\"isPartOf\":{\"@id\":\"https:\/\/www.tonellism.com\/#website\"},\"primaryImageOfPage\":{\"@id\":\"https:\/\/www.tonellism.com\/de\/umweltkennzeichnung-von-verpackungen\/#primaryimage\"},\"image\":{\"@id\":\"https:\/\/www.tonellism.com\/de\/umweltkennzeichnung-von-verpackungen\/#primaryimage\"},\"thumbnailUrl\":\"https:\/\/www.tonellism.com\/wp-content\/uploads\/2018\/02\/tonelli-cutomer-2.jpg\",\"datePublished\":\"2024-05-29T07:50:47+00:00\",\"dateModified\":\"2024-06-24T12:45:24+00:00\",\"description\":\"Auf dieser Seite k\u00f6nnen Sie die Umweltkennzeichnung der Verpackungen der Unternehmen der Tonelli S.p.a. Gruppe herunterladen.\",\"breadcrumb\":{\"@id\":\"https:\/\/www.tonellism.com\/de\/umweltkennzeichnung-von-verpackungen\/#breadcrumb\"},\"inLanguage\":\"de\",\"potentialAction\":[{\"@type\":\"ReadAction\",\"target\":[\"https:\/\/www.tonellism.com\/de\/umweltkennzeichnung-von-verpackungen\/\"]}]},{\"@type\":\"ImageObject\",\"inLanguage\":\"de\",\"@id\":\"https:\/\/www.tonellism.com\/de\/umweltkennzeichnung-von-verpackungen\/#primaryimage\",\"url\":\"https:\/\/www.tonellism.com\/wp-content\/uploads\/2018\/02\/tonelli-cutomer-2.jpg\",\"contentUrl\":\"https:\/\/www.tonellism.com\/wp-content\/uploads\/2018\/02\/tonelli-cutomer-2.jpg\",\"width\":1000,\"height\":573,\"caption\":\"tonelli servizio clienti\"},{\"@type\":\"BreadcrumbList\",\"@id\":\"https:\/\/www.tonellism.com\/de\/umweltkennzeichnung-von-verpackungen\/#breadcrumb\",\"itemListElement\":[{\"@type\":\"ListItem\",\"position\":1,\"name\":\"Home\",\"item\":\"https:\/\/www.tonellism.com\/de\/home-2-2\/\"},{\"@type\":\"ListItem\",\"position\":2,\"name\":\"UMWELTKENNZEICHNUNG DER VERPACKUNGEN\"}]},{\"@type\":\"WebSite\",\"@id\":\"https:\/\/www.tonellism.com\/#website\",\"url\":\"https:\/\/www.tonellism.com\/\",\"name\":\"Tonelli Spa\",\"description\":\"Commercio legnami e produzione pannelli a nido d&#039;ape\",\"publisher\":{\"@id\":\"https:\/\/www.tonellism.com\/#organization\"},\"potentialAction\":[{\"@type\":\"SearchAction\",\"target\":{\"@type\":\"EntryPoint\",\"urlTemplate\":\"https:\/\/www.tonellism.com\/?s={search_term_string}\"},\"query-input\":\"required name=search_term_string\"}],\"inLanguage\":\"de\"},{\"@type\":\"Organization\",\"@id\":\"https:\/\/www.tonellism.com\/#organization\",\"name\":\"Tonelli S.p.A\",\"url\":\"https:\/\/www.tonellism.com\/\",\"logo\":{\"@type\":\"ImageObject\",\"inLanguage\":\"de\",\"@id\":\"https:\/\/www.tonellism.com\/#\/schema\/logo\/image\/\",\"url\":\"https:\/\/tonellism.com\/2018\/wp-content\/uploads\/2018\/02\/logo-Tonelli.png\",\"contentUrl\":\"https:\/\/tonellism.com\/2018\/wp-content\/uploads\/2018\/02\/logo-Tonelli.png\",\"width\":748,\"height\":195,\"caption\":\"Tonelli S.p.A\"},\"image\":{\"@id\":\"https:\/\/www.tonellism.com\/#\/schema\/logo\/image\/\"}}]}<\/script>\n<!-- \/ Yoast SEO plugin. -->","yoast_head_json":{"title":"Umweltkennzeichnung von Verpackungen - Tonelli SpA","description":"Auf dieser Seite k\u00f6nnen Sie die Umweltkennzeichnung der Verpackungen der Unternehmen der Tonelli S.p.a. Gruppe herunterladen.","robots":{"index":"index","follow":"follow","max-snippet":"max-snippet:-1","max-image-preview":"max-image-preview:large","max-video-preview":"max-video-preview:-1"},"canonical":"https:\/\/www.tonellism.com\/de\/umweltkennzeichnung-von-verpackungen\/","og_locale":"de_DE","og_type":"article","og_title":"Umweltkennzeichnung von Verpackungen - Tonelli SpA","og_description":"Auf dieser Seite k\u00f6nnen Sie die Umweltkennzeichnung der Verpackungen der Unternehmen der Tonelli S.p.a. Gruppe herunterladen.","og_url":"https:\/\/www.tonellism.com\/de\/umweltkennzeichnung-von-verpackungen\/","og_site_name":"Tonelli Spa","article_modified_time":"2024-06-24T12:45:24+00:00","og_image":[{"url":"http:\/\/tonellism.com\/wp-content\/uploads\/2018\/02\/tonelli-cutomer-2.jpg"}],"twitter_card":"summary_large_image","twitter_misc":{"Gesch\u00e4tzte Lesezeit":"2\u00a0Minuten"},"schema":{"@context":"https:\/\/schema.org","@graph":[{"@type":"WebPage","@id":"https:\/\/www.tonellism.com\/de\/umweltkennzeichnung-von-verpackungen\/","url":"https:\/\/www.tonellism.com\/de\/umweltkennzeichnung-von-verpackungen\/","name":"Umweltkennzeichnung von Verpackungen - Tonelli SpA","isPartOf":{"@id":"https:\/\/www.tonellism.com\/#website"},"primaryImageOfPage":{"@id":"https:\/\/www.tonellism.com\/de\/umweltkennzeichnung-von-verpackungen\/#primaryimage"},"image":{"@id":"https:\/\/www.tonellism.com\/de\/umweltkennzeichnung-von-verpackungen\/#primaryimage"},"thumbnailUrl":"https:\/\/www.tonellism.com\/wp-content\/uploads\/2018\/02\/tonelli-cutomer-2.jpg","datePublished":"2024-05-29T07:50:47+00:00","dateModified":"2024-06-24T12:45:24+00:00","description":"Auf dieser Seite k\u00f6nnen Sie die Umweltkennzeichnung der Verpackungen der Unternehmen der Tonelli S.p.a. Gruppe herunterladen.","breadcrumb":{"@id":"https:\/\/www.tonellism.com\/de\/umweltkennzeichnung-von-verpackungen\/#breadcrumb"},"inLanguage":"de","potentialAction":[{"@type":"ReadAction","target":["https:\/\/www.tonellism.com\/de\/umweltkennzeichnung-von-verpackungen\/"]}]},{"@type":"ImageObject","inLanguage":"de","@id":"https:\/\/www.tonellism.com\/de\/umweltkennzeichnung-von-verpackungen\/#primaryimage","url":"https:\/\/www.tonellism.com\/wp-content\/uploads\/2018\/02\/tonelli-cutomer-2.jpg","contentUrl":"https:\/\/www.tonellism.com\/wp-content\/uploads\/2018\/02\/tonelli-cutomer-2.jpg","width":1000,"height":573,"caption":"tonelli servizio clienti"},{"@type":"BreadcrumbList","@id":"https:\/\/www.tonellism.com\/de\/umweltkennzeichnung-von-verpackungen\/#breadcrumb","itemListElement":[{"@type":"ListItem","position":1,"name":"Home","item":"https:\/\/www.tonellism.com\/de\/home-2-2\/"},{"@type":"ListItem","position":2,"name":"UMWELTKENNZEICHNUNG DER VERPACKUNGEN"}]},{"@type":"WebSite","@id":"https:\/\/www.tonellism.com\/#website","url":"https:\/\/www.tonellism.com\/","name":"Tonelli Spa","description":"Commercio legnami e produzione pannelli a nido d&#039;ape","publisher":{"@id":"https:\/\/www.tonellism.com\/#organization"},"potentialAction":[{"@type":"SearchAction","target":{"@type":"EntryPoint","urlTemplate":"https:\/\/www.tonellism.com\/?s={search_term_string}"},"query-input":"required name=search_term_string"}],"inLanguage":"de"},{"@type":"Organization","@id":"https:\/\/www.tonellism.com\/#organization","name":"Tonelli S.p.A","url":"https:\/\/www.tonellism.com\/","logo":{"@type":"ImageObject","inLanguage":"de","@id":"https:\/\/www.tonellism.com\/#\/schema\/logo\/image\/","url":"https:\/\/tonellism.com\/2018\/wp-content\/uploads\/2018\/02\/logo-Tonelli.png","contentUrl":"https:\/\/tonellism.com\/2018\/wp-content\/uploads\/2018\/02\/logo-Tonelli.png","width":748,"height":195,"caption":"Tonelli S.p.A"},"image":{"@id":"https:\/\/www.tonellism.com\/#\/schema\/logo\/image\/"}}]}},"_links":{"self":[{"href":"https:\/\/www.tonellism.com\/de\/wp-json\/wp\/v2\/pages\/6483"}],"collection":[{"href":"https:\/\/www.tonellism.com\/de\/wp-json\/wp\/v2\/pages"}],"about":[{"href":"https:\/\/www.tonellism.com\/de\/wp-json\/wp\/v2\/types\/page"}],"author":[{"embeddable":true,"href":"https:\/\/www.tonellism.com\/de\/wp-json\/wp\/v2\/users\/5"}],"replies":[{"embeddable":true,"href":"https:\/\/www.tonellism.com\/de\/wp-json\/wp\/v2\/comments?post=6483"}],"version-history":[{"count":0,"href":"https:\/\/www.tonellism.com\/de\/wp-json\/wp\/v2\/pages\/6483\/revisions"}],"wp:featuredmedia":[{"embeddable":true,"href":"https:\/\/www.tonellism.com\/de\/wp-json\/wp\/v2\/media\/3211"}],"wp:attachment":[{"href":"https:\/\/www.tonellism.com\/de\/wp-json\/wp\/v2\/media?parent=6483"}],"curies":[{"name":"wp","href":"https:\/\/api.w.org\/{rel}","templated":true}]}}