{"id":1735,"date":"2018-02-06T15:01:15","date_gmt":"2018-02-06T15:01:15","guid":{"rendered":"http:\/\/https:\/\/staging.tonellism.com\/2018\/il-team\/"},"modified":"2024-06-24T13:17:06","modified_gmt":"2024-06-24T12:17:06","slug":"das-team","status":"publish","type":"page","link":"https:\/\/www.tonellism.com\/de\/das-team\/","title":{"rendered":"DAS TEAM"},"content":{"rendered":"\t\t<div data-elementor-type=\"wp-page\" data-elementor-id=\"1735\" class=\"elementor elementor-1735 elementor-300\" data-elementor-post-type=\"page\">\n\t\t\t\t<div class=\"elementor-element elementor-element-af840b0 e-flex e-con-boxed e-con e-parent\" data-id=\"af840b0\" data-element_type=\"container\">\n\t\t\t\t\t<div class=\"e-con-inner\">\n\t\t<div class=\"elementor-element elementor-element-5e66a8b e-con-full e-flex e-con e-child\" data-id=\"5e66a8b\" data-element_type=\"container\">\n\t\t\t\t<div class=\"elementor-element elementor-element-91dd3cc elementor-widget elementor-widget-heading\" data-id=\"91dd3cc\" data-element_type=\"widget\" data-widget_type=\"heading.default\">\n\t\t\t\t<div class=\"elementor-widget-container\">\n\t\t\t<style>\/*! elementor - v3.21.0 - 08-05-2024 *\/\n.elementor-heading-title{padding:0;margin:0;line-height:1}.elementor-widget-heading .elementor-heading-title[class*=elementor-size-]>a{color:inherit;font-size:inherit;line-height:inherit}.elementor-widget-heading .elementor-heading-title.elementor-size-small{font-size:15px}.elementor-widget-heading .elementor-heading-title.elementor-size-medium{font-size:19px}.elementor-widget-heading .elementor-heading-title.elementor-size-large{font-size:29px}.elementor-widget-heading .elementor-heading-title.elementor-size-xl{font-size:39px}.elementor-widget-heading .elementor-heading-title.elementor-size-xxl{font-size:59px}<\/style><p class=\"elementor-heading-title elementor-size-default\">Ein Familienunternehmen<\/p>\t\t<\/div>\n\t\t\t\t<\/div>\n\t\t\t\t<div class=\"elementor-element elementor-element-b0022af elementor-widget__width-initial elementor-widget-mobile__width-inherit elementor-widget elementor-widget-heading\" data-id=\"b0022af\" data-element_type=\"widget\" data-widget_type=\"heading.default\">\n\t\t\t\t<div class=\"elementor-widget-container\">\n\t\t\t<h3 class=\"elementor-heading-title elementor-size-default\">Wer bei uns arbeitet, ist nicht einfach nur ein Mitarbeiter, sondern wird Teil <u>unserer Familie.<\/u><\/h3>\t\t<\/div>\n\t\t\t\t<\/div>\n\t\t\t\t<div class=\"elementor-element elementor-element-b4ed595 elementor-widget elementor-widget-text-editor\" data-id=\"b4ed595\" data-element_type=\"widget\" data-widget_type=\"text-editor.default\">\n\t\t\t\t<div class=\"elementor-widget-container\">\n\t\t\t<style>\/*! elementor - v3.21.0 - 08-05-2024 *\/\n.elementor-widget-text-editor.elementor-drop-cap-view-stacked .elementor-drop-cap{background-color:#69727d;color:#fff}.elementor-widget-text-editor.elementor-drop-cap-view-framed .elementor-drop-cap{color:#69727d;border:3px solid;background-color:transparent}.elementor-widget-text-editor:not(.elementor-drop-cap-view-default) .elementor-drop-cap{margin-top:8px}.elementor-widget-text-editor:not(.elementor-drop-cap-view-default) .elementor-drop-cap-letter{width:1em;height:1em}.elementor-widget-text-editor .elementor-drop-cap{float:left;text-align:center;line-height:1;font-size:50px}.elementor-widget-text-editor .elementor-drop-cap-letter{display:inline-block}<\/style>\t\t\t\t<p>Wir k\u00f6nnen auf ein Team von kompetenten und erfahrenen Menschen z\u00e4hlen, die t\u00e4glich mit Begeisterung ihre Leidenschaft f\u00fcr unsere Arbeit teilen. Ihr vertrauensw\u00fcrdiger Partner f\u00fcr eine Zusammenarbeit, die auf Professionalit\u00e4t, Kompetenz und Verf\u00fcgbarkeit basiert.<\/p>\n\t\t\t\t\t\t<\/div>\n\t\t\t\t<\/div>\n\t\t\t\t<\/div>\n\t\t<div class=\"elementor-element elementor-element-4fcbaf2 e-con-full e-flex e-con e-child\" data-id=\"4fcbaf2\" data-element_type=\"container\">\n\t\t\t\t<div class=\"elementor-element elementor-element-d51e785 elementor-widget elementor-widget-image\" data-id=\"d51e785\" data-element_type=\"widget\" data-widget_type=\"image.default\">\n\t\t\t\t<div class=\"elementor-widget-container\">\n\t\t\t<style>\/*! elementor - v3.21.0 - 08-05-2024 *\/\n.elementor-widget-image{text-align:center}.elementor-widget-image a{display:inline-block}.elementor-widget-image a img[src$=\".svg\"]{width:48px}.elementor-widget-image img{vertical-align:middle;display:inline-block}<\/style>\t\t\t\t\t\t\t\t\t\t<img fetchpriority=\"high\" decoding=\"async\" width=\"1750\" height=\"956\" src=\"https:\/\/www.tonellism.com\/wp-content\/uploads\/2024\/05\/tonelli-chisimao.jpg\" class=\"attachment-full size-full wp-image-4270\" alt=\"\" srcset=\"https:\/\/www.tonellism.com\/wp-content\/uploads\/2024\/05\/tonelli-chisimao.jpg 1750w, https:\/\/www.tonellism.com\/wp-content\/uploads\/2024\/05\/tonelli-chisimao-300x164.jpg 300w, https:\/\/www.tonellism.com\/wp-content\/uploads\/2024\/05\/tonelli-chisimao-1024x559.jpg 1024w, https:\/\/www.tonellism.com\/wp-content\/uploads\/2024\/05\/tonelli-chisimao-768x420.jpg 768w, https:\/\/www.tonellism.com\/wp-content\/uploads\/2024\/05\/tonelli-chisimao-1536x839.jpg 1536w\" sizes=\"(max-width: 1750px) 100vw, 1750px\" \/>\t\t\t\t\t\t\t\t\t\t\t\t\t<\/div>\n\t\t\t\t<\/div>\n\t\t\t\t<\/div>\n\t\t\t\t\t<\/div>\n\t\t\t\t<\/div>\n\t\t<div class=\"elementor-element elementor-element-d09356a e-flex e-con-boxed e-con e-parent\" data-id=\"d09356a\" data-element_type=\"container\" data-settings=\"{&quot;background_background&quot;:&quot;classic&quot;}\">\n\t\t\t\t\t<div class=\"e-con-inner\">\n\t\t<div class=\"elementor-element elementor-element-c5e2aba e-con-full e-flex e-con e-child\" data-id=\"c5e2aba\" data-element_type=\"container\">\n\t\t\t\t<div class=\"elementor-element elementor-element-c6b0efa elementor-widget elementor-widget-image\" data-id=\"c6b0efa\" data-element_type=\"widget\" data-widget_type=\"image.default\">\n\t\t\t\t<div class=\"elementor-widget-container\">\n\t\t\t\t\t\t\t\t\t\t\t\t\t<img decoding=\"async\" width=\"800\" height=\"607\" src=\"https:\/\/www.tonellism.com\/wp-content\/uploads\/2024\/05\/team-new-update.jpg\" class=\"attachment-large size-large wp-image-6562\" alt=\"\" srcset=\"https:\/\/www.tonellism.com\/wp-content\/uploads\/2024\/05\/team-new-update.jpg 1000w, https:\/\/www.tonellism.com\/wp-content\/uploads\/2024\/05\/team-new-update-300x228.jpg 300w, https:\/\/www.tonellism.com\/wp-content\/uploads\/2024\/05\/team-new-update-768x583.jpg 768w\" sizes=\"(max-width: 800px) 100vw, 800px\" \/>\t\t\t\t\t\t\t\t\t\t\t\t\t<\/div>\n\t\t\t\t<\/div>\n\t\t\t\t<\/div>\n\t\t<div class=\"elementor-element elementor-element-6ccbccd e-con-full e-flex e-con e-child\" data-id=\"6ccbccd\" data-element_type=\"container\">\n\t\t\t\t<div class=\"elementor-element elementor-element-3ad8c92 elementor-widget elementor-widget-heading\" data-id=\"3ad8c92\" data-element_type=\"widget\" data-widget_type=\"heading.default\">\n\t\t\t\t<div class=\"elementor-widget-container\">\n\t\t\t<h3 class=\"elementor-heading-title elementor-size-default\">Professionalit\u00e4t, Kompetenz und Verf\u00fcgbarkeit sind die charakteristischen Merkmale der Mitarbeiter von Tonelli.<\/h3>\t\t<\/div>\n\t\t\t\t<\/div>\n\t\t\t\t<div class=\"elementor-element elementor-element-8ac9ffb elementor-widget elementor-widget-text-editor\" data-id=\"8ac9ffb\" data-element_type=\"widget\" data-widget_type=\"text-editor.default\">\n\t\t\t\t<div class=\"elementor-widget-container\">\n\t\t\t\t\t\t\t<p>Wir m\u00f6chten nicht nur ein Lieferant von Produkten und Dienstleistungen sein, sondern uns als echter Partner f\u00fcr all unsere Kunden engagieren. Wir wollen nicht einfach nur ein Lieferant von Produkten und Dienstleistungen sein, sondern streben danach, ein echter Partner f\u00fcr alle unsere Kunden zu werden. <\/p>\n<p>Jedes Mitglied unseres Teams ist bestrebt, ma\u00dfgeschneiderte L\u00f6sungen anzubieten und kontinuierliche Unterst\u00fctzung und enge Zusammenarbeit zu gew\u00e4hrleisten, um gemeinsam Ihre Ziele zu erreichen.<\/p>\n\t\t\t\t\t\t<\/div>\n\t\t\t\t<\/div>\n\t\t\t\t<\/div>\n\t\t\t\t\t<\/div>\n\t\t\t\t<\/div>\n\t\t\t\t<\/div>\n\t\t","protected":false},"excerpt":{"rendered":"<p>Ein Familienunternehmen Wer bei uns arbeitet, ist nicht einfach nur ein Mitarbeiter, sondern wird Teil unserer Familie. Wir k\u00f6nnen auf ein Team von kompetenten und erfahrenen Menschen z\u00e4hlen, die t\u00e4glich mit Begeisterung ihre Leidenschaft f\u00fcr unsere Arbeit teilen. Ihr vertrauensw\u00fcrdiger Partner f\u00fcr eine Zusammenarbeit, die auf Professionalit\u00e4t, Kompetenz und Verf\u00fcgbarkeit basiert. Professionalit\u00e4t, Kompetenz und Verf\u00fcgbarkeit [&hellip;]<\/p>\n","protected":false},"author":5,"featured_media":0,"parent":0,"menu_order":0,"comment_status":"closed","ping_status":"closed","template":"","meta":{"footnotes":""},"yoast_head":"<!-- This site is optimized with the Yoast SEO plugin v23.1 - https:\/\/yoast.com\/wordpress\/plugins\/seo\/ -->\n<title>Das Team: ein Familienunternehmen, ein Team von validen Menschen<\/title>\n<meta name=\"description\" content=\"Das Tonelli-Team: ein Familienunternehmen, ein Team von sehr erfahrenen Mitarbeitern, die jeden Tag mit Begeisterung die Leidenschaft f\u00fcr unsere Arbeit mit uns teilen.\" \/>\n<meta name=\"robots\" content=\"index, follow, max-snippet:-1, max-image-preview:large, max-video-preview:-1\" \/>\n<link rel=\"canonical\" href=\"https:\/\/www.tonellism.com\/de\/das-team\/\" \/>\n<meta property=\"og:locale\" content=\"de_DE\" \/>\n<meta property=\"og:type\" content=\"article\" \/>\n<meta property=\"og:title\" content=\"Das Team: ein Familienunternehmen, ein Team von validen Menschen\" \/>\n<meta property=\"og:description\" content=\"Das Tonelli-Team: ein Familienunternehmen, ein Team von sehr erfahrenen Mitarbeitern, die jeden Tag mit Begeisterung die Leidenschaft f\u00fcr unsere Arbeit mit uns teilen.\" \/>\n<meta property=\"og:url\" content=\"https:\/\/www.tonellism.com\/de\/das-team\/\" \/>\n<meta property=\"og:site_name\" content=\"Tonelli Spa\" \/>\n<meta property=\"article:modified_time\" content=\"2024-06-24T12:17:06+00:00\" \/>\n<meta property=\"og:image\" content=\"https:\/\/tonellism.com\/wp-content\/uploads\/2024\/05\/tonelli-chisimao.jpg\" \/>\n<meta name=\"twitter:card\" content=\"summary_large_image\" \/>\n<meta name=\"twitter:label1\" content=\"Gesch\u00e4tzte Lesezeit\" \/>\n\t<meta name=\"twitter:data1\" content=\"2\u00a0Minuten\" \/>\n<script type=\"application\/ld+json\" class=\"yoast-schema-graph\">{\"@context\":\"https:\/\/schema.org\",\"@graph\":[{\"@type\":\"WebPage\",\"@id\":\"https:\/\/www.tonellism.com\/de\/das-team\/\",\"url\":\"https:\/\/www.tonellism.com\/de\/das-team\/\",\"name\":\"Das Team: ein Familienunternehmen, ein Team von validen Menschen\",\"isPartOf\":{\"@id\":\"https:\/\/www.tonellism.com\/#website\"},\"primaryImageOfPage\":{\"@id\":\"https:\/\/www.tonellism.com\/de\/das-team\/#primaryimage\"},\"image\":{\"@id\":\"https:\/\/www.tonellism.com\/de\/das-team\/#primaryimage\"},\"thumbnailUrl\":\"https:\/\/tonellism.com\/wp-content\/uploads\/2024\/05\/tonelli-chisimao.jpg\",\"datePublished\":\"2018-02-06T15:01:15+00:00\",\"dateModified\":\"2024-06-24T12:17:06+00:00\",\"description\":\"Das Tonelli-Team: ein Familienunternehmen, ein Team von sehr erfahrenen Mitarbeitern, die jeden Tag mit Begeisterung die Leidenschaft f\u00fcr unsere Arbeit mit uns teilen.\",\"breadcrumb\":{\"@id\":\"https:\/\/www.tonellism.com\/de\/das-team\/#breadcrumb\"},\"inLanguage\":\"de\",\"potentialAction\":[{\"@type\":\"ReadAction\",\"target\":[\"https:\/\/www.tonellism.com\/de\/das-team\/\"]}]},{\"@type\":\"ImageObject\",\"inLanguage\":\"de\",\"@id\":\"https:\/\/www.tonellism.com\/de\/das-team\/#primaryimage\",\"url\":\"https:\/\/tonellism.com\/wp-content\/uploads\/2024\/05\/tonelli-chisimao.jpg\",\"contentUrl\":\"https:\/\/tonellism.com\/wp-content\/uploads\/2024\/05\/tonelli-chisimao.jpg\"},{\"@type\":\"BreadcrumbList\",\"@id\":\"https:\/\/www.tonellism.com\/de\/das-team\/#breadcrumb\",\"itemListElement\":[{\"@type\":\"ListItem\",\"position\":1,\"name\":\"Home\",\"item\":\"https:\/\/www.tonellism.com\/de\/home-2-2\/\"},{\"@type\":\"ListItem\",\"position\":2,\"name\":\"DAS TEAM\"}]},{\"@type\":\"WebSite\",\"@id\":\"https:\/\/www.tonellism.com\/#website\",\"url\":\"https:\/\/www.tonellism.com\/\",\"name\":\"Tonelli Spa\",\"description\":\"Commercio legnami e produzione pannelli a nido d&#039;ape\",\"publisher\":{\"@id\":\"https:\/\/www.tonellism.com\/#organization\"},\"potentialAction\":[{\"@type\":\"SearchAction\",\"target\":{\"@type\":\"EntryPoint\",\"urlTemplate\":\"https:\/\/www.tonellism.com\/?s={search_term_string}\"},\"query-input\":\"required name=search_term_string\"}],\"inLanguage\":\"de\"},{\"@type\":\"Organization\",\"@id\":\"https:\/\/www.tonellism.com\/#organization\",\"name\":\"Tonelli S.p.A\",\"url\":\"https:\/\/www.tonellism.com\/\",\"logo\":{\"@type\":\"ImageObject\",\"inLanguage\":\"de\",\"@id\":\"https:\/\/www.tonellism.com\/#\/schema\/logo\/image\/\",\"url\":\"https:\/\/tonellism.com\/2018\/wp-content\/uploads\/2018\/02\/logo-Tonelli.png\",\"contentUrl\":\"https:\/\/tonellism.com\/2018\/wp-content\/uploads\/2018\/02\/logo-Tonelli.png\",\"width\":748,\"height\":195,\"caption\":\"Tonelli S.p.A\"},\"image\":{\"@id\":\"https:\/\/www.tonellism.com\/#\/schema\/logo\/image\/\"}}]}<\/script>\n<!-- \/ Yoast SEO plugin. -->","yoast_head_json":{"title":"Das Team: ein Familienunternehmen, ein Team von validen Menschen","description":"Das Tonelli-Team: ein Familienunternehmen, ein Team von sehr erfahrenen Mitarbeitern, die jeden Tag mit Begeisterung die Leidenschaft f\u00fcr unsere Arbeit mit uns teilen.","robots":{"index":"index","follow":"follow","max-snippet":"max-snippet:-1","max-image-preview":"max-image-preview:large","max-video-preview":"max-video-preview:-1"},"canonical":"https:\/\/www.tonellism.com\/de\/das-team\/","og_locale":"de_DE","og_type":"article","og_title":"Das Team: ein Familienunternehmen, ein Team von validen Menschen","og_description":"Das Tonelli-Team: ein Familienunternehmen, ein Team von sehr erfahrenen Mitarbeitern, die jeden Tag mit Begeisterung die Leidenschaft f\u00fcr unsere Arbeit mit uns teilen.","og_url":"https:\/\/www.tonellism.com\/de\/das-team\/","og_site_name":"Tonelli Spa","article_modified_time":"2024-06-24T12:17:06+00:00","og_image":[{"url":"https:\/\/tonellism.com\/wp-content\/uploads\/2024\/05\/tonelli-chisimao.jpg"}],"twitter_card":"summary_large_image","twitter_misc":{"Gesch\u00e4tzte Lesezeit":"2\u00a0Minuten"},"schema":{"@context":"https:\/\/schema.org","@graph":[{"@type":"WebPage","@id":"https:\/\/www.tonellism.com\/de\/das-team\/","url":"https:\/\/www.tonellism.com\/de\/das-team\/","name":"Das Team: ein Familienunternehmen, ein Team von validen Menschen","isPartOf":{"@id":"https:\/\/www.tonellism.com\/#website"},"primaryImageOfPage":{"@id":"https:\/\/www.tonellism.com\/de\/das-team\/#primaryimage"},"image":{"@id":"https:\/\/www.tonellism.com\/de\/das-team\/#primaryimage"},"thumbnailUrl":"https:\/\/tonellism.com\/wp-content\/uploads\/2024\/05\/tonelli-chisimao.jpg","datePublished":"2018-02-06T15:01:15+00:00","dateModified":"2024-06-24T12:17:06+00:00","description":"Das Tonelli-Team: ein Familienunternehmen, ein Team von sehr erfahrenen Mitarbeitern, die jeden Tag mit Begeisterung die Leidenschaft f\u00fcr unsere Arbeit mit uns teilen.","breadcrumb":{"@id":"https:\/\/www.tonellism.com\/de\/das-team\/#breadcrumb"},"inLanguage":"de","potentialAction":[{"@type":"ReadAction","target":["https:\/\/www.tonellism.com\/de\/das-team\/"]}]},{"@type":"ImageObject","inLanguage":"de","@id":"https:\/\/www.tonellism.com\/de\/das-team\/#primaryimage","url":"https:\/\/tonellism.com\/wp-content\/uploads\/2024\/05\/tonelli-chisimao.jpg","contentUrl":"https:\/\/tonellism.com\/wp-content\/uploads\/2024\/05\/tonelli-chisimao.jpg"},{"@type":"BreadcrumbList","@id":"https:\/\/www.tonellism.com\/de\/das-team\/#breadcrumb","itemListElement":[{"@type":"ListItem","position":1,"name":"Home","item":"https:\/\/www.tonellism.com\/de\/home-2-2\/"},{"@type":"ListItem","position":2,"name":"DAS TEAM"}]},{"@type":"WebSite","@id":"https:\/\/www.tonellism.com\/#website","url":"https:\/\/www.tonellism.com\/","name":"Tonelli Spa","description":"Commercio legnami e produzione pannelli a nido d&#039;ape","publisher":{"@id":"https:\/\/www.tonellism.com\/#organization"},"potentialAction":[{"@type":"SearchAction","target":{"@type":"EntryPoint","urlTemplate":"https:\/\/www.tonellism.com\/?s={search_term_string}"},"query-input":"required name=search_term_string"}],"inLanguage":"de"},{"@type":"Organization","@id":"https:\/\/www.tonellism.com\/#organization","name":"Tonelli S.p.A","url":"https:\/\/www.tonellism.com\/","logo":{"@type":"ImageObject","inLanguage":"de","@id":"https:\/\/www.tonellism.com\/#\/schema\/logo\/image\/","url":"https:\/\/tonellism.com\/2018\/wp-content\/uploads\/2018\/02\/logo-Tonelli.png","contentUrl":"https:\/\/tonellism.com\/2018\/wp-content\/uploads\/2018\/02\/logo-Tonelli.png","width":748,"height":195,"caption":"Tonelli S.p.A"},"image":{"@id":"https:\/\/www.tonellism.com\/#\/schema\/logo\/image\/"}}]}},"_links":{"self":[{"href":"https:\/\/www.tonellism.com\/de\/wp-json\/wp\/v2\/pages\/1735"}],"collection":[{"href":"https:\/\/www.tonellism.com\/de\/wp-json\/wp\/v2\/pages"}],"about":[{"href":"https:\/\/www.tonellism.com\/de\/wp-json\/wp\/v2\/types\/page"}],"author":[{"embeddable":true,"href":"https:\/\/www.tonellism.com\/de\/wp-json\/wp\/v2\/users\/5"}],"replies":[{"embeddable":true,"href":"https:\/\/www.tonellism.com\/de\/wp-json\/wp\/v2\/comments?post=1735"}],"version-history":[{"count":0,"href":"https:\/\/www.tonellism.com\/de\/wp-json\/wp\/v2\/pages\/1735\/revisions"}],"wp:attachment":[{"href":"https:\/\/www.tonellism.com\/de\/wp-json\/wp\/v2\/media?parent=1735"}],"curies":[{"name":"wp","href":"https:\/\/api.w.org\/{rel}","templated":true}]}}